{"id":765,"date":"2020-08-11T02:33:25","date_gmt":"2020-08-11T02:33:25","guid":{"rendered":"https:\/\/3wdivegili.com\/formation-biologie-corail\/"},"modified":"2025-09-30T08:31:59","modified_gmt":"2025-09-30T08:31:59","slug":"conservation-marine","status":"publish","type":"page","link":"https:\/\/3wdivegili.com\/fr\/conservation-marine\/","title":{"rendered":"Conservation Marine"},"content":{"rendered":"\t\t<div data-elementor-type=\"wp-page\" data-elementor-id=\"765\" class=\"elementor elementor-765 elementor-232\">\n\t\t\t\t<div class=\"elementor-element elementor-element-6412214 e-con-full e-flex e-con e-parent\" data-id=\"6412214\" data-element_type=\"container\" data-settings=\"{&quot;jet_parallax_layout_list&quot;:[{&quot;_id&quot;:&quot;e6ae459&quot;,&quot;jet_parallax_layout_image&quot;:{&quot;url&quot;:&quot;&quot;,&quot;id&quot;:&quot;&quot;,&quot;size&quot;:&quot;&quot;},&quot;jet_parallax_layout_image_tablet&quot;:{&quot;url&quot;:&quot;&quot;,&quot;id&quot;:&quot;&quot;,&quot;size&quot;:&quot;&quot;},&quot;jet_parallax_layout_image_mobile&quot;:{&quot;url&quot;:&quot;&quot;,&quot;id&quot;:&quot;&quot;,&quot;size&quot;:&quot;&quot;},&quot;jet_parallax_layout_speed&quot;:{&quot;unit&quot;:&quot;%&quot;,&quot;size&quot;:50,&quot;sizes&quot;:[]},&quot;jet_parallax_layout_type&quot;:&quot;scroll&quot;,&quot;jet_parallax_layout_direction&quot;:&quot;1&quot;,&quot;jet_parallax_layout_fx_direction&quot;:null,&quot;jet_parallax_layout_z_index&quot;:&quot;&quot;,&quot;jet_parallax_layout_bg_x&quot;:50,&quot;jet_parallax_layout_bg_x_tablet&quot;:&quot;&quot;,&quot;jet_parallax_layout_bg_x_mobile&quot;:&quot;&quot;,&quot;jet_parallax_layout_bg_y&quot;:50,&quot;jet_parallax_layout_bg_y_tablet&quot;:&quot;&quot;,&quot;jet_parallax_layout_bg_y_mobile&quot;:&quot;&quot;,&quot;jet_parallax_layout_bg_size&quot;:&quot;auto&quot;,&quot;jet_parallax_layout_bg_size_tablet&quot;:&quot;&quot;,&quot;jet_parallax_layout_bg_size_mobile&quot;:&quot;&quot;,&quot;jet_parallax_layout_animation_prop&quot;:&quot;transform&quot;,&quot;jet_parallax_layout_on&quot;:[&quot;desktop&quot;,&quot;tablet&quot;]}],&quot;background_background&quot;:&quot;classic&quot;,&quot;shape_divider_bottom&quot;:&quot;tilt&quot;}\">\n\t\t\t\t<div class=\"elementor-shape elementor-shape-bottom\" aria-hidden=\"true\" data-negative=\"false\">\n\t\t\t<svg xmlns=\"http:\/\/www.w3.org\/2000\/svg\" viewBox=\"0 0 1000 100\" preserveAspectRatio=\"none\">\n\t<path class=\"elementor-shape-fill\" d=\"M0,6V0h1000v100L0,6z\"\/>\n<\/svg>\t\t<\/div>\n\t\t\t\t<div class=\"elementor-element elementor-element-332245f elementor-align-center elementor-widget elementor-widget-raven-heading\" data-id=\"332245f\" data-element_type=\"widget\" data-widget_type=\"raven-heading.default\">\n\t\t\t\t<div class=\"elementor-widget-container\">\n\t\t\t\t\t\t\t<div class=\"raven-widget-wrapper\"><h2 class=\"raven-heading raven-heading-h2\"><span class=\"raven-heading-title \"><span class=\"raven-heading-title-inner elementor-inline-editing \" data-text=\"Conservation Marine\" data-elementor-setting-key=\"title\">Conservation Marine<\/span><\/span><\/h2><\/div>\n\t\t\t\t\t\t<\/div>\n\t\t\t\t<\/div>\n\t\t\t\t<\/div>\n\t\t<div class=\"elementor-element elementor-element-f11fa42 e-flex e-con-boxed e-con e-parent\" data-id=\"f11fa42\" data-element_type=\"container\" data-settings=\"{&quot;jet_parallax_layout_list&quot;:[{&quot;_id&quot;:&quot;a500914&quot;,&quot;jet_parallax_layout_image&quot;:{&quot;url&quot;:&quot;&quot;,&quot;id&quot;:&quot;&quot;,&quot;size&quot;:&quot;&quot;},&quot;jet_parallax_layout_image_tablet&quot;:{&quot;url&quot;:&quot;&quot;,&quot;id&quot;:&quot;&quot;,&quot;size&quot;:&quot;&quot;},&quot;jet_parallax_layout_image_mobile&quot;:{&quot;url&quot;:&quot;&quot;,&quot;id&quot;:&quot;&quot;,&quot;size&quot;:&quot;&quot;},&quot;jet_parallax_layout_speed&quot;:{&quot;unit&quot;:&quot;%&quot;,&quot;size&quot;:50,&quot;sizes&quot;:[]},&quot;jet_parallax_layout_type&quot;:&quot;scroll&quot;,&quot;jet_parallax_layout_direction&quot;:&quot;1&quot;,&quot;jet_parallax_layout_fx_direction&quot;:null,&quot;jet_parallax_layout_z_index&quot;:&quot;&quot;,&quot;jet_parallax_layout_bg_x&quot;:50,&quot;jet_parallax_layout_bg_x_tablet&quot;:&quot;&quot;,&quot;jet_parallax_layout_bg_x_mobile&quot;:&quot;&quot;,&quot;jet_parallax_layout_bg_y&quot;:50,&quot;jet_parallax_layout_bg_y_tablet&quot;:&quot;&quot;,&quot;jet_parallax_layout_bg_y_mobile&quot;:&quot;&quot;,&quot;jet_parallax_layout_bg_size&quot;:&quot;auto&quot;,&quot;jet_parallax_layout_bg_size_tablet&quot;:&quot;&quot;,&quot;jet_parallax_layout_bg_size_mobile&quot;:&quot;&quot;,&quot;jet_parallax_layout_animation_prop&quot;:&quot;transform&quot;,&quot;jet_parallax_layout_on&quot;:[&quot;desktop&quot;,&quot;tablet&quot;]}],&quot;background_background&quot;:&quot;classic&quot;,&quot;shape_divider_bottom&quot;:&quot;tilt&quot;}\">\n\t\t\t\t\t<div class=\"e-con-inner\">\n\t\t\t\t<div class=\"elementor-shape elementor-shape-bottom\" aria-hidden=\"true\" data-negative=\"false\">\n\t\t\t<svg xmlns=\"http:\/\/www.w3.org\/2000\/svg\" viewBox=\"0 0 1000 100\" preserveAspectRatio=\"none\">\n\t<path class=\"elementor-shape-fill\" d=\"M0,6V0h1000v100L0,6z\"\/>\n<\/svg>\t\t<\/div>\n\t\t\t\t<div class=\"elementor-element elementor-element-7f05318 elementor-mobile-align-center elementor-align-center elementor-widget elementor-widget-raven-heading\" data-id=\"7f05318\" data-element_type=\"widget\" data-widget_type=\"raven-heading.default\">\n\t\t\t\t<div class=\"elementor-widget-container\">\n\t\t\t\t\t\t\t<div class=\"raven-widget-wrapper\"><h1 class=\"raven-heading raven-heading-h1\"><span class=\"raven-heading-title \">Conservation marine avec 3W Dive Center<\/span><\/h1><\/div>\n\t\t\t\t\t\t<\/div>\n\t\t\t\t<\/div>\n\t\t<div class=\"elementor-element elementor-element-58e3e59 e-con-full e-flex e-con e-child\" data-id=\"58e3e59\" data-element_type=\"container\" data-settings=\"{&quot;jet_parallax_layout_list&quot;:[]}\">\n\t\t\t\t<div class=\"elementor-element elementor-element-c51839b elementor-widget__width-initial elementor-widget elementor-widget-image\" data-id=\"c51839b\" data-element_type=\"widget\" data-widget_type=\"image.default\">\n\t\t\t\t<div class=\"elementor-widget-container\">\n\t\t\t\t\t\t\t\t\t\t\t\t\t\t\t<img decoding=\"async\" src=\"https:\/\/3wdivegili.com\/wp-content\/uploads\/2023\/05\/Indo-coral-conservation-logo.jpg\" title=\"Indo-coral-conservation-logo\" alt=\"Indo-coral-conservation-logo\" loading=\"lazy\" \/>\t\t\t\t\t\t\t\t\t\t\t\t\t\t\t<\/div>\n\t\t\t\t<\/div>\n\t\t\t\t<div class=\"elementor-element elementor-element-89ea8f7 elementor-widget__width-initial elementor-widget elementor-widget-text-editor\" data-id=\"89ea8f7\" data-element_type=\"widget\" data-widget_type=\"text-editor.default\">\n\t\t\t\t<div class=\"elementor-widget-container\">\n\t\t\t\t\t\t\t\t\t<p>Chez 3W Dive, nous savons que les r\u00e9cifs coralliens sont la base du monde sous-marin que nous explorons chaque jour. C\u2019est pourquoi nous collaborons avec <a href=\"https:\/\/www.indocoral.org\" target=\"_blank\" rel=\"noopener\">Indo Coral Conservation<\/a>, une fondation \u00e0 but non lucratif bas\u00e9e \u00e0 Gili Air, pour soutenir la restauration des coraux et la sensibilisation \u00e9cologique.<\/p>\n<p>Nos instructeurs et guides sont form\u00e9s aux pratiques de plong\u00e9e respectueuses des r\u00e9cifs, et nous participons activement aux activit\u00e9s de culture de corail et aux plong\u00e9es de suivi organis\u00e9es par Indo Coral. Ces actions contribuent \u00e0 r\u00e9g\u00e9n\u00e9rer les zones d\u00e9grad\u00e9es et \u00e0 renforcer la r\u00e9silience marine dans la zone prot\u00e9g\u00e9e du park national Gili Matra.<\/p>\n\t\t\t\t\t\t\t\t<\/div>\n\t\t\t\t<\/div>\n\t\t\t\t<\/div>\n\t\t\t\t\t<\/div>\n\t\t\t\t<\/div>\n\t\t<div class=\"elementor-element elementor-element-8312c46 e-flex e-con-boxed e-con e-parent\" data-id=\"8312c46\" data-element_type=\"container\" data-settings=\"{&quot;jet_parallax_layout_list&quot;:[{&quot;_id&quot;:&quot;a500914&quot;,&quot;jet_parallax_layout_image&quot;:{&quot;url&quot;:&quot;&quot;,&quot;id&quot;:&quot;&quot;,&quot;size&quot;:&quot;&quot;},&quot;jet_parallax_layout_image_tablet&quot;:{&quot;url&quot;:&quot;&quot;,&quot;id&quot;:&quot;&quot;,&quot;size&quot;:&quot;&quot;},&quot;jet_parallax_layout_image_mobile&quot;:{&quot;url&quot;:&quot;&quot;,&quot;id&quot;:&quot;&quot;,&quot;size&quot;:&quot;&quot;},&quot;jet_parallax_layout_speed&quot;:{&quot;unit&quot;:&quot;%&quot;,&quot;size&quot;:50,&quot;sizes&quot;:[]},&quot;jet_parallax_layout_type&quot;:&quot;scroll&quot;,&quot;jet_parallax_layout_direction&quot;:&quot;1&quot;,&quot;jet_parallax_layout_fx_direction&quot;:null,&quot;jet_parallax_layout_z_index&quot;:&quot;&quot;,&quot;jet_parallax_layout_bg_x&quot;:50,&quot;jet_parallax_layout_bg_x_tablet&quot;:&quot;&quot;,&quot;jet_parallax_layout_bg_x_mobile&quot;:&quot;&quot;,&quot;jet_parallax_layout_bg_y&quot;:50,&quot;jet_parallax_layout_bg_y_tablet&quot;:&quot;&quot;,&quot;jet_parallax_layout_bg_y_mobile&quot;:&quot;&quot;,&quot;jet_parallax_layout_bg_size&quot;:&quot;auto&quot;,&quot;jet_parallax_layout_bg_size_tablet&quot;:&quot;&quot;,&quot;jet_parallax_layout_bg_size_mobile&quot;:&quot;&quot;,&quot;jet_parallax_layout_animation_prop&quot;:&quot;transform&quot;,&quot;jet_parallax_layout_on&quot;:[&quot;desktop&quot;,&quot;tablet&quot;]}],&quot;background_background&quot;:&quot;classic&quot;}\">\n\t\t\t\t\t<div class=\"e-con-inner\">\n\t\t\t\t<div class=\"elementor-element elementor-element-3eeacd9 elementor-align-center elementor-mobile-align-center elementor-widget__width-inherit elementor-widget elementor-widget-raven-heading\" data-id=\"3eeacd9\" data-element_type=\"widget\" data-widget_type=\"raven-heading.default\">\n\t\t\t\t<div class=\"elementor-widget-container\">\n\t\t\t\t\t\t\t<div class=\"raven-widget-wrapper\"><h2 class=\"raven-heading raven-heading-h2\"><span class=\"raven-heading-title \">PROGRAMMES INDO CORAL CONSERVATION<\/span><\/h2><\/div>\n\t\t\t\t\t\t<\/div>\n\t\t\t\t<\/div>\n\t\t\t\t<div class=\"elementor-element elementor-element-b36f335 elementor-align-center elementor-mobile-align-center elementor-widget__width-inherit elementor-widget elementor-widget-raven-heading\" data-id=\"b36f335\" data-element_type=\"widget\" data-widget_type=\"raven-heading.default\">\n\t\t\t\t<div class=\"elementor-widget-container\">\n\t\t\t\t\t\t\t<div class=\"raven-widget-wrapper\"><h2 class=\"raven-heading raven-heading-h2\"><span class=\"raven-heading-title \">Soutenez la conservation marine en rejoignant l\u2019un de leurs programmes pratiques<\/span><\/h2><\/div>\n\t\t\t\t\t\t<\/div>\n\t\t\t\t<\/div>\n\t\t<div class=\"elementor-element elementor-element-e58c24b e-con-full e-flex e-con e-child\" data-id=\"e58c24b\" data-element_type=\"container\" data-settings=\"{&quot;jet_parallax_layout_list&quot;:[]}\">\n\t\t\t\t<div class=\"elementor-element elementor-element-ec3323c elementor-widget__width-initial elementor-widget-mobile__width-initial elementor-widget elementor-widget-image\" data-id=\"ec3323c\" data-element_type=\"widget\" data-widget_type=\"image.default\">\n\t\t\t\t<div class=\"elementor-widget-container\">\n\t\t\t\t\t\t\t\t\t\t\t\t\t\t\t<img decoding=\"async\" src=\"https:\/\/3wdivegili.com\/wp-content\/uploads\/2025\/09\/3wdivegili-marine-conservation-snorkeling.png\" title=\"3wdivegili-marine-conservation-snorkeling\" alt=\"3wdivegili-marine-conservation-snorkeling\" loading=\"lazy\" \/>\t\t\t\t\t\t\t\t\t\t\t\t\t\t\t<\/div>\n\t\t\t\t<\/div>\n\t\t\t\t<div class=\"elementor-element elementor-element-c187479 elementor-widget__width-initial elementor-widget elementor-widget-text-editor\" data-id=\"c187479\" data-element_type=\"widget\" data-widget_type=\"text-editor.default\">\n\t\t\t\t<div class=\"elementor-widget-container\">\n\t\t\t\t\t\t\t\t\t<p><b>TOUR  \u00c9DUCATIF EN PALMES, MASQUE ET TUBAS<\/b><\/p>\n<p>Transformez votre sortie PMT autour des \u00eeles Gili en une aventure p\u00e9dagogique.<\/p>\n<p>Un programme d\u2019une demi-journ\u00e9e en \u00e9cologie marine, id\u00e9al pour les voyageurs et les familles (\u00e0 partir de 8 ans).<\/p>\n<p>Choisissez entre 3 modules : les coraux, les tortues marines ou les poissons de r\u00e9cif.<\/p>\n<p>Plus d\u2019informations sur le site web <a href=\"https:\/\/indocoral.org\/\" target=\"_blank\" rel=\"noopener\">d&rsquo;Indo Coral Conservation<\/a>.<\/p>\n\t\t\t\t\t\t\t\t<\/div>\n\t\t\t\t<\/div>\n\t\t\t\t<\/div>\n\t\t<div class=\"elementor-element elementor-element-e4a88cf e-con-full e-flex e-con e-child\" data-id=\"e4a88cf\" data-element_type=\"container\" data-settings=\"{&quot;jet_parallax_layout_list&quot;:[]}\">\n\t\t\t\t<div class=\"elementor-element elementor-element-e62646b elementor-widget__width-initial elementor-widget elementor-widget-text-editor\" data-id=\"e62646b\" data-element_type=\"widget\" data-widget_type=\"text-editor.default\">\n\t\t\t\t<div class=\"elementor-widget-container\">\n\t\t\t\t\t\t\t\t\t<b>FORMATION CORAL DIVER \u2013 3 JOURS<\/b><br><br>Con\u00e7u par Indo Coral Conservation, ce programme offre aux plongeurs certifi\u00e9s une formation pratique en \u00e9cologie et restauration corallienne.<br><br>Il inclut la certification SSI en identification des coraux, ainsi que des sessions terrain allant au-del\u00e0 du contenu classique des agences.<br><br>Dur\u00e9e : 3 jours<br>Inclus : 4 plong\u00e9es<br><br>Plus d\u2019informations sur le site web <a href=\"https:\/\/indocoral.org\/\" target=\"_blank\" rel=\"noopener\">d\u2019Indo Coral Conservation<\/a>.\t\t\t\t\t\t\t\t<\/div>\n\t\t\t\t<\/div>\n\t\t\t\t<div class=\"elementor-element elementor-element-5b8584a elementor-widget__width-initial elementor-widget-mobile__width-initial elementor-widget elementor-widget-image\" data-id=\"5b8584a\" data-element_type=\"widget\" data-widget_type=\"image.default\">\n\t\t\t\t<div class=\"elementor-widget-container\">\n\t\t\t\t\t\t\t\t\t\t\t\t\t\t\t<img decoding=\"async\" src=\"https:\/\/3wdivegili.com\/wp-content\/uploads\/2025\/09\/3wdivegili-marine-conservation-coral-diver.png\" title=\"3wdivegili-marine-conservation-coral-diver\" alt=\"3wdivegili-marine-conservation-coral-diver\" loading=\"lazy\" \/>\t\t\t\t\t\t\t\t\t\t\t\t\t\t\t<\/div>\n\t\t\t\t<\/div>\n\t\t\t\t<\/div>\n\t\t\t\t\t<\/div>\n\t\t\t\t<\/div>\n\t\t\t\t<\/div>\n\t\t","protected":false},"excerpt":{"rendered":"<p>Conservation Marine Conservation marine avec 3W Dive Center Chez 3W Dive, nous savons que les r\u00e9cifs coralliens sont la base du monde sous-marin que nous explorons chaque jour. C\u2019est pourquoi nous collaborons avec Indo Coral Conservation, une fondation \u00e0 but non lucratif bas\u00e9e \u00e0 Gili Air, pour soutenir la restauration des coraux et la sensibilisation [&hellip;]<\/p>\n","protected":false},"author":1,"featured_media":0,"parent":0,"menu_order":0,"comment_status":"closed","ping_status":"closed","template":"full-width.php","meta":{"_acf_changed":false,"footnotes":""},"class_list":["post-765","page","type-page","status-publish","hentry"],"acf":[],"yoast_head":"<!-- This site is optimized with the Yoast SEO Premium plugin v26.7 (Yoast SEO v26.7) - https:\/\/yoast.com\/wordpress\/plugins\/seo\/ -->\n<title>Conservation marine avec 3W Dive Center<\/title>\n<meta name=\"description\" content=\"Indo Coral Conservation, situ\u00e9 sur Gili Air, est une ONG d\u00e9di\u00e9e \u00e0 la conservation marine.\" \/>\n<meta name=\"robots\" content=\"index, follow, max-snippet:-1, max-image-preview:large, max-video-preview:-1\" \/>\n<link rel=\"canonical\" href=\"https:\/\/3wdivegili.com\/fr\/conservation-marine\/\" \/>\n<meta property=\"og:locale\" content=\"fr_FR\" \/>\n<meta property=\"og:type\" content=\"article\" \/>\n<meta property=\"og:title\" content=\"Conservation Marine\" \/>\n<meta property=\"og:description\" content=\"Indo Coral Conservation, situ\u00e9 sur Gili Air, est une ONG d\u00e9di\u00e9e \u00e0 la conservation marine.\" \/>\n<meta property=\"og:url\" content=\"https:\/\/3wdivegili.com\/fr\/conservation-marine\/\" \/>\n<meta property=\"og:site_name\" content=\"3W Dive Gili\" \/>\n<meta property=\"article:publisher\" content=\"https:\/\/www.facebook.com\/3Wdive\/\" \/>\n<meta property=\"article:modified_time\" content=\"2025-09-30T08:31:59+00:00\" \/>\n<meta property=\"og:image\" content=\"https:\/\/3wdivegili.com\/wp-content\/uploads\/2023\/05\/Indo-coral-conservation-logo.jpg\" \/>\n<meta name=\"twitter:card\" content=\"summary_large_image\" \/>\n<meta name=\"twitter:label1\" content=\"Dur\u00e9e de lecture estim\u00e9e\" \/>\n\t<meta name=\"twitter:data1\" content=\"1 minute\" \/>\n<script type=\"application\/ld+json\" class=\"yoast-schema-graph\">{\"@context\":\"https:\/\/schema.org\",\"@graph\":[{\"@type\":\"WebPage\",\"@id\":\"https:\/\/3wdivegili.com\/fr\/conservation-marine\/\",\"url\":\"https:\/\/3wdivegili.com\/fr\/conservation-marine\/\",\"name\":\"Conservation marine avec 3W Dive Center\",\"isPartOf\":{\"@id\":\"https:\/\/3wdivegili.com\/fr\/#website\"},\"primaryImageOfPage\":{\"@id\":\"https:\/\/3wdivegili.com\/fr\/conservation-marine\/#primaryimage\"},\"image\":{\"@id\":\"https:\/\/3wdivegili.com\/fr\/conservation-marine\/#primaryimage\"},\"thumbnailUrl\":\"https:\/\/3wdivegili.com\/wp-content\/uploads\/2023\/05\/Indo-coral-conservation-logo.jpg\",\"datePublished\":\"2020-08-11T02:33:25+00:00\",\"dateModified\":\"2025-09-30T08:31:59+00:00\",\"description\":\"Indo Coral Conservation, situ\u00e9 sur Gili Air, est une ONG d\u00e9di\u00e9e \u00e0 la conservation marine.\",\"inLanguage\":\"fr-FR\",\"potentialAction\":[{\"@type\":\"ReadAction\",\"target\":[\"https:\/\/3wdivegili.com\/fr\/conservation-marine\/\"]}]},{\"@type\":\"ImageObject\",\"inLanguage\":\"fr-FR\",\"@id\":\"https:\/\/3wdivegili.com\/fr\/conservation-marine\/#primaryimage\",\"url\":\"https:\/\/3wdivegili.com\/wp-content\/uploads\/2023\/05\/Indo-coral-conservation-logo.jpg\",\"contentUrl\":\"https:\/\/3wdivegili.com\/wp-content\/uploads\/2023\/05\/Indo-coral-conservation-logo.jpg\"},{\"@type\":\"WebSite\",\"@id\":\"https:\/\/3wdivegili.com\/fr\/#website\",\"url\":\"https:\/\/3wdivegili.com\/fr\/\",\"name\":\"3W Dive Gili\",\"description\":\"Join The Tribe\",\"publisher\":{\"@id\":\"https:\/\/3wdivegili.com\/fr\/#organization\"},\"potentialAction\":[{\"@type\":\"SearchAction\",\"target\":{\"@type\":\"EntryPoint\",\"urlTemplate\":\"https:\/\/3wdivegili.com\/fr\/?s={search_term_string}\"},\"query-input\":{\"@type\":\"PropertyValueSpecification\",\"valueRequired\":true,\"valueName\":\"search_term_string\"}}],\"inLanguage\":\"fr-FR\"},{\"@type\":\"Organization\",\"@id\":\"https:\/\/3wdivegili.com\/fr\/#organization\",\"name\":\"3W Dive\",\"url\":\"https:\/\/3wdivegili.com\/fr\/\",\"logo\":{\"@type\":\"ImageObject\",\"inLanguage\":\"fr-FR\",\"@id\":\"https:\/\/3wdivegili.com\/fr\/#\/schema\/logo\/image\/\",\"url\":\"https:\/\/3wdivegili.com\/wp-content\/uploads\/2020\/03\/3WLogo.jpg\",\"contentUrl\":\"https:\/\/3wdivegili.com\/wp-content\/uploads\/2020\/03\/3WLogo.jpg\",\"width\":966,\"height\":559,\"caption\":\"3W Dive\"},\"image\":{\"@id\":\"https:\/\/3wdivegili.com\/fr\/#\/schema\/logo\/image\/\"},\"sameAs\":[\"https:\/\/www.facebook.com\/3Wdive\/\",\"https:\/\/www.instagram.com\/3wdive\/\",\"https:\/\/www.youtube.com\/channel\/UCdyAAWJWbzgkxwAk3fnNRjA\/videos\"]}]}<\/script>\n<!-- \/ Yoast SEO Premium plugin. -->","yoast_head_json":{"title":"Conservation marine avec 3W Dive Center","description":"Indo Coral Conservation, situ\u00e9 sur Gili Air, est une ONG d\u00e9di\u00e9e \u00e0 la conservation marine.","robots":{"index":"index","follow":"follow","max-snippet":"max-snippet:-1","max-image-preview":"max-image-preview:large","max-video-preview":"max-video-preview:-1"},"canonical":"https:\/\/3wdivegili.com\/fr\/conservation-marine\/","og_locale":"fr_FR","og_type":"article","og_title":"Conservation Marine","og_description":"Indo Coral Conservation, situ\u00e9 sur Gili Air, est une ONG d\u00e9di\u00e9e \u00e0 la conservation marine.","og_url":"https:\/\/3wdivegili.com\/fr\/conservation-marine\/","og_site_name":"3W Dive Gili","article_publisher":"https:\/\/www.facebook.com\/3Wdive\/","article_modified_time":"2025-09-30T08:31:59+00:00","og_image":[{"url":"https:\/\/3wdivegili.com\/wp-content\/uploads\/2023\/05\/Indo-coral-conservation-logo.jpg","type":"","width":"","height":""}],"twitter_card":"summary_large_image","twitter_misc":{"Dur\u00e9e de lecture estim\u00e9e":"1 minute"},"schema":{"@context":"https:\/\/schema.org","@graph":[{"@type":"WebPage","@id":"https:\/\/3wdivegili.com\/fr\/conservation-marine\/","url":"https:\/\/3wdivegili.com\/fr\/conservation-marine\/","name":"Conservation marine avec 3W Dive Center","isPartOf":{"@id":"https:\/\/3wdivegili.com\/fr\/#website"},"primaryImageOfPage":{"@id":"https:\/\/3wdivegili.com\/fr\/conservation-marine\/#primaryimage"},"image":{"@id":"https:\/\/3wdivegili.com\/fr\/conservation-marine\/#primaryimage"},"thumbnailUrl":"https:\/\/3wdivegili.com\/wp-content\/uploads\/2023\/05\/Indo-coral-conservation-logo.jpg","datePublished":"2020-08-11T02:33:25+00:00","dateModified":"2025-09-30T08:31:59+00:00","description":"Indo Coral Conservation, situ\u00e9 sur Gili Air, est une ONG d\u00e9di\u00e9e \u00e0 la conservation marine.","inLanguage":"fr-FR","potentialAction":[{"@type":"ReadAction","target":["https:\/\/3wdivegili.com\/fr\/conservation-marine\/"]}]},{"@type":"ImageObject","inLanguage":"fr-FR","@id":"https:\/\/3wdivegili.com\/fr\/conservation-marine\/#primaryimage","url":"https:\/\/3wdivegili.com\/wp-content\/uploads\/2023\/05\/Indo-coral-conservation-logo.jpg","contentUrl":"https:\/\/3wdivegili.com\/wp-content\/uploads\/2023\/05\/Indo-coral-conservation-logo.jpg"},{"@type":"WebSite","@id":"https:\/\/3wdivegili.com\/fr\/#website","url":"https:\/\/3wdivegili.com\/fr\/","name":"3W Dive Gili","description":"Join The Tribe","publisher":{"@id":"https:\/\/3wdivegili.com\/fr\/#organization"},"potentialAction":[{"@type":"SearchAction","target":{"@type":"EntryPoint","urlTemplate":"https:\/\/3wdivegili.com\/fr\/?s={search_term_string}"},"query-input":{"@type":"PropertyValueSpecification","valueRequired":true,"valueName":"search_term_string"}}],"inLanguage":"fr-FR"},{"@type":"Organization","@id":"https:\/\/3wdivegili.com\/fr\/#organization","name":"3W Dive","url":"https:\/\/3wdivegili.com\/fr\/","logo":{"@type":"ImageObject","inLanguage":"fr-FR","@id":"https:\/\/3wdivegili.com\/fr\/#\/schema\/logo\/image\/","url":"https:\/\/3wdivegili.com\/wp-content\/uploads\/2020\/03\/3WLogo.jpg","contentUrl":"https:\/\/3wdivegili.com\/wp-content\/uploads\/2020\/03\/3WLogo.jpg","width":966,"height":559,"caption":"3W Dive"},"image":{"@id":"https:\/\/3wdivegili.com\/fr\/#\/schema\/logo\/image\/"},"sameAs":["https:\/\/www.facebook.com\/3Wdive\/","https:\/\/www.instagram.com\/3wdive\/","https:\/\/www.youtube.com\/channel\/UCdyAAWJWbzgkxwAk3fnNRjA\/videos"]}]}},"_links":{"self":[{"href":"https:\/\/3wdivegili.com\/fr\/wp-json\/wp\/v2\/pages\/765","targetHints":{"allow":["GET"]}}],"collection":[{"href":"https:\/\/3wdivegili.com\/fr\/wp-json\/wp\/v2\/pages"}],"about":[{"href":"https:\/\/3wdivegili.com\/fr\/wp-json\/wp\/v2\/types\/page"}],"author":[{"embeddable":true,"href":"https:\/\/3wdivegili.com\/fr\/wp-json\/wp\/v2\/users\/1"}],"replies":[{"embeddable":true,"href":"https:\/\/3wdivegili.com\/fr\/wp-json\/wp\/v2\/comments?post=765"}],"version-history":[{"count":10,"href":"https:\/\/3wdivegili.com\/fr\/wp-json\/wp\/v2\/pages\/765\/revisions"}],"predecessor-version":[{"id":3213,"href":"https:\/\/3wdivegili.com\/fr\/wp-json\/wp\/v2\/pages\/765\/revisions\/3213"}],"wp:attachment":[{"href":"https:\/\/3wdivegili.com\/fr\/wp-json\/wp\/v2\/media?parent=765"}],"curies":[{"name":"wp","href":"https:\/\/api.w.org\/{rel}","templated":true}]}}