{"id":441,"date":"2020-05-26T04:58:43","date_gmt":"2020-05-26T04:58:43","guid":{"rendered":"https:\/\/3wdivegili.com\/stage-divemaster\/"},"modified":"2025-12-31T10:52:09","modified_gmt":"2025-12-31T10:52:09","slug":"stage-divemaster","status":"publish","type":"page","link":"https:\/\/3wdivegili.com\/fr\/stage-divemaster\/","title":{"rendered":"FORMATION DIVEMASTER"},"content":{"rendered":"\t\t<div data-elementor-type=\"wp-page\" data-elementor-id=\"441\" class=\"elementor elementor-441 elementor-129\">\n\t\t\t\t<div class=\"elementor-element elementor-element-12148fa e-con-full e-flex e-con e-parent\" data-id=\"12148fa\" data-element_type=\"container\" data-settings=\"{&quot;jet_parallax_layout_list&quot;:[{&quot;jet_parallax_layout_image&quot;:{&quot;url&quot;:&quot;&quot;,&quot;id&quot;:&quot;&quot;,&quot;size&quot;:&quot;&quot;},&quot;_id&quot;:&quot;e6ae459&quot;,&quot;jet_parallax_layout_image_tablet&quot;:{&quot;url&quot;:&quot;&quot;,&quot;id&quot;:&quot;&quot;,&quot;size&quot;:&quot;&quot;},&quot;jet_parallax_layout_image_mobile&quot;:{&quot;url&quot;:&quot;&quot;,&quot;id&quot;:&quot;&quot;,&quot;size&quot;:&quot;&quot;},&quot;jet_parallax_layout_speed&quot;:{&quot;unit&quot;:&quot;%&quot;,&quot;size&quot;:50,&quot;sizes&quot;:[]},&quot;jet_parallax_layout_type&quot;:&quot;scroll&quot;,&quot;jet_parallax_layout_direction&quot;:&quot;1&quot;,&quot;jet_parallax_layout_fx_direction&quot;:null,&quot;jet_parallax_layout_z_index&quot;:&quot;&quot;,&quot;jet_parallax_layout_bg_x&quot;:50,&quot;jet_parallax_layout_bg_x_tablet&quot;:&quot;&quot;,&quot;jet_parallax_layout_bg_x_mobile&quot;:&quot;&quot;,&quot;jet_parallax_layout_bg_y&quot;:50,&quot;jet_parallax_layout_bg_y_tablet&quot;:&quot;&quot;,&quot;jet_parallax_layout_bg_y_mobile&quot;:&quot;&quot;,&quot;jet_parallax_layout_bg_size&quot;:&quot;auto&quot;,&quot;jet_parallax_layout_bg_size_tablet&quot;:&quot;&quot;,&quot;jet_parallax_layout_bg_size_mobile&quot;:&quot;&quot;,&quot;jet_parallax_layout_animation_prop&quot;:&quot;transform&quot;,&quot;jet_parallax_layout_on&quot;:[&quot;desktop&quot;,&quot;tablet&quot;]}],&quot;background_background&quot;:&quot;classic&quot;,&quot;shape_divider_bottom&quot;:&quot;tilt&quot;}\">\n\t\t\t\t<div class=\"elementor-shape elementor-shape-bottom\" aria-hidden=\"true\" data-negative=\"false\">\n\t\t\t<svg xmlns=\"http:\/\/www.w3.org\/2000\/svg\" viewBox=\"0 0 1000 100\" preserveAspectRatio=\"none\">\n\t<path class=\"elementor-shape-fill\" d=\"M0,6V0h1000v100L0,6z\"\/>\n<\/svg>\t\t<\/div>\n\t\t\t\t<div class=\"elementor-element elementor-element-518e54f elementor-align-center elementor-widget elementor-widget-raven-heading\" data-id=\"518e54f\" data-element_type=\"widget\" data-widget_type=\"raven-heading.default\">\n\t\t\t\t<div class=\"elementor-widget-container\">\n\t\t\t\t\t\t\t<div class=\"raven-widget-wrapper\"><h1 class=\"raven-heading raven-heading-h1\"><span class=\"raven-heading-title \"><span class=\"raven-heading-title-inner elementor-inline-editing \" data-text=\"FORMATION DIVEMASTER\" data-elementor-setting-key=\"title\">FORMATION DIVEMASTER<\/span><\/span><\/h1><\/div>\n\t\t\t\t\t\t<\/div>\n\t\t\t\t<\/div>\n\t\t\t\t<\/div>\n\t\t<div class=\"elementor-element elementor-element-3eda108 e-flex e-con-boxed e-con e-parent\" data-id=\"3eda108\" data-element_type=\"container\" data-settings=\"{&quot;jet_parallax_layout_list&quot;:[{&quot;jet_parallax_layout_image&quot;:{&quot;url&quot;:&quot;&quot;,&quot;id&quot;:&quot;&quot;,&quot;size&quot;:&quot;&quot;},&quot;_id&quot;:&quot;a500914&quot;,&quot;jet_parallax_layout_image_tablet&quot;:{&quot;url&quot;:&quot;&quot;,&quot;id&quot;:&quot;&quot;,&quot;size&quot;:&quot;&quot;},&quot;jet_parallax_layout_image_mobile&quot;:{&quot;url&quot;:&quot;&quot;,&quot;id&quot;:&quot;&quot;,&quot;size&quot;:&quot;&quot;},&quot;jet_parallax_layout_speed&quot;:{&quot;unit&quot;:&quot;%&quot;,&quot;size&quot;:50,&quot;sizes&quot;:[]},&quot;jet_parallax_layout_type&quot;:&quot;scroll&quot;,&quot;jet_parallax_layout_direction&quot;:&quot;1&quot;,&quot;jet_parallax_layout_fx_direction&quot;:null,&quot;jet_parallax_layout_z_index&quot;:&quot;&quot;,&quot;jet_parallax_layout_bg_x&quot;:50,&quot;jet_parallax_layout_bg_x_tablet&quot;:&quot;&quot;,&quot;jet_parallax_layout_bg_x_mobile&quot;:&quot;&quot;,&quot;jet_parallax_layout_bg_y&quot;:50,&quot;jet_parallax_layout_bg_y_tablet&quot;:&quot;&quot;,&quot;jet_parallax_layout_bg_y_mobile&quot;:&quot;&quot;,&quot;jet_parallax_layout_bg_size&quot;:&quot;auto&quot;,&quot;jet_parallax_layout_bg_size_tablet&quot;:&quot;&quot;,&quot;jet_parallax_layout_bg_size_mobile&quot;:&quot;&quot;,&quot;jet_parallax_layout_animation_prop&quot;:&quot;transform&quot;,&quot;jet_parallax_layout_on&quot;:[&quot;desktop&quot;,&quot;tablet&quot;]}],&quot;background_background&quot;:&quot;classic&quot;}\">\n\t\t\t\t\t<div class=\"e-con-inner\">\n\t\t\t\t<div class=\"elementor-element elementor-element-6cb5c17 elementor-mobile-align-center elementor-align-center elementor-widget elementor-widget-raven-heading\" data-id=\"6cb5c17\" data-element_type=\"widget\" data-widget_type=\"raven-heading.default\">\n\t\t\t\t<div class=\"elementor-widget-container\">\n\t\t\t\t\t\t\t<div class=\"raven-widget-wrapper\"><h1 class=\"raven-heading raven-heading-h1\"><span class=\"raven-heading-title \">DEVENEZ DIVEMASTER \r\n\r\n<p style=\"font-size: 1.5rem;\">(Guide de palanquee)<\/p><\/span><\/h1><\/div>\n\t\t\t\t\t\t<\/div>\n\t\t\t\t<\/div>\n\t\t\t\t<div class=\"elementor-element elementor-element-4156798 elementor-widget elementor-widget-text-editor\" data-id=\"4156798\" data-element_type=\"widget\" data-widget_type=\"text-editor.default\">\n\t\t\t\t<div class=\"elementor-widget-container\">\n\t\t\t\t\t\t\t\t\t<p>Devenez Divemaster en 2 ou 4 mois<\/br><br \/>vivez l&rsquo;aventure d&rsquo;une vie sur une petite ile paradisiaque !<\/p>\n\t\t\t\t\t\t\t\t<\/div>\n\t\t\t\t<\/div>\n\t\t\t\t<div class=\"elementor-element elementor-element-679a669 elementor-widget elementor-widget-text-editor\" data-id=\"679a669\" data-element_type=\"widget\" data-widget_type=\"text-editor.default\">\n\t\t\t\t<div class=\"elementor-widget-container\">\n\t\t\t\t\t\t\t\t\tNombre de plong\u00e9es: illimit\u00e9<\/br><br>Dur\u00e9e: minimum 2 mois (jusqu\u2019\u00e0 4 mois)<\/br><br>Prix: IDR 24,300,000\t\t\t\t\t\t\t\t<\/div>\n\t\t\t\t<\/div>\n\t\t\t\t\t<\/div>\n\t\t\t\t<\/div>\n\t\t<div class=\"elementor-element elementor-element-cdf5e7a e-flex e-con-boxed e-con e-parent\" data-id=\"cdf5e7a\" data-element_type=\"container\" data-settings=\"{&quot;jet_parallax_layout_list&quot;:[{&quot;jet_parallax_layout_image&quot;:{&quot;url&quot;:&quot;&quot;,&quot;id&quot;:&quot;&quot;,&quot;size&quot;:&quot;&quot;},&quot;_id&quot;:&quot;a500914&quot;,&quot;jet_parallax_layout_image_tablet&quot;:{&quot;url&quot;:&quot;&quot;,&quot;id&quot;:&quot;&quot;,&quot;size&quot;:&quot;&quot;},&quot;jet_parallax_layout_image_mobile&quot;:{&quot;url&quot;:&quot;&quot;,&quot;id&quot;:&quot;&quot;,&quot;size&quot;:&quot;&quot;},&quot;jet_parallax_layout_speed&quot;:{&quot;unit&quot;:&quot;%&quot;,&quot;size&quot;:50,&quot;sizes&quot;:[]},&quot;jet_parallax_layout_type&quot;:&quot;scroll&quot;,&quot;jet_parallax_layout_direction&quot;:&quot;1&quot;,&quot;jet_parallax_layout_fx_direction&quot;:null,&quot;jet_parallax_layout_z_index&quot;:&quot;&quot;,&quot;jet_parallax_layout_bg_x&quot;:50,&quot;jet_parallax_layout_bg_x_tablet&quot;:&quot;&quot;,&quot;jet_parallax_layout_bg_x_mobile&quot;:&quot;&quot;,&quot;jet_parallax_layout_bg_y&quot;:50,&quot;jet_parallax_layout_bg_y_tablet&quot;:&quot;&quot;,&quot;jet_parallax_layout_bg_y_mobile&quot;:&quot;&quot;,&quot;jet_parallax_layout_bg_size&quot;:&quot;auto&quot;,&quot;jet_parallax_layout_bg_size_tablet&quot;:&quot;&quot;,&quot;jet_parallax_layout_bg_size_mobile&quot;:&quot;&quot;,&quot;jet_parallax_layout_animation_prop&quot;:&quot;transform&quot;,&quot;jet_parallax_layout_on&quot;:[&quot;desktop&quot;,&quot;tablet&quot;]}],&quot;background_background&quot;:&quot;classic&quot;}\">\n\t\t\t\t\t<div class=\"e-con-inner\">\n\t\t\t\t<div class=\"elementor-element elementor-element-58ac2c0 elementor-widget__width-initial elementor-widget elementor-widget-text-editor\" data-id=\"58ac2c0\" data-element_type=\"widget\" data-widget_type=\"text-editor.default\">\n\t\t\t\t<div class=\"elementor-widget-container\">\n\t\t\t\t\t\t\t\t\t<p>Chez 3W Dive, nous prenons la formation de Divemaster au s\u00e9rieux. Ce n&rsquo;est pas juste un cours que l&rsquo;on vend, mais un apprentissage qui n\u00e9cessite de la d\u00e9votion et une passion profonde pour le m\u00e9tier. Notre objectif est de produire des divemasters qui sont non seulement comp\u00e9tents mais aussi des d\u00e9fenseurs responsables et qualifi\u00e9s de l&rsquo;oc\u00e9an.<\/p>\n<p>Nous offrons jusqu&rsquo;\u00e0 4 mois d&rsquo;acc\u00e8s illimit\u00e9 \u00e0 notre centre avec autant de plong\u00e9e illimit\u00e9e.<\/p>\n<p>Notre programme est con\u00e7u pour vous immerger dans le monde de la plong\u00e9e, en vous offrant une exp\u00e9rience pratique et des opportunit\u00e9s d&rsquo;apprentissage aupr\u00e8s de professionnels exp\u00e9riment\u00e9s. Vous acquerrez une compr\u00e9hension approfondie de la th\u00e9orie et des techniques de plong\u00e9e, et vous serez form\u00e9 pour g\u00e9rer divers sc\u00e9narios de plong\u00e9e avec confiance et comp\u00e9tence.<\/p>\n<p>Nos instructeurs ne sont pas seulement des plongeurs exp\u00e9riment\u00e9s, mais aussi des passionn\u00e9s qualifi\u00e9s qui aiment leur m\u00e9tier. Nous allons au-del\u00e0 des bases de la formation de Divemaster, en vous enseignant tous les astuces du m\u00e9tier. Ils travailleront \u00e9troitement avec vous pour d\u00e9velopper vos comp\u00e9tences, afin que vous puissiez devenir un divemaster qui conna\u00eet non seulement les tenants et aboutissants de la plong\u00e9e, mais qui se soucie profond\u00e9ment de la protection de l&rsquo;environnement naturel.<\/p>\n<p>En conclusion, notre programme de divemaster est un apprentissage qui n\u00e9cessite de la d\u00e9votion, de la passion et un engagement envers le m\u00e9tier de divemaster. Notre objectif n&rsquo;est pas seulement de proposer une formation de plus, mais de produire des divemasters comp\u00e9tents, qualifi\u00e9s et responsables envers l&rsquo;oc\u00e9an. Si vous \u00eates pr\u00eat \u00e0 passer \u00e0 un niveau sup\u00e9rieur de plong\u00e9e et devenir un divemaster qui se soucie r\u00e9ellement du bonne pratique de la plong\u00e9e sous marine durable et de l&rsquo;environnement, alors 3W Dive est l&rsquo;endroit pour vous.<\/p>\n<p>Visitez le site web de <span style=\"text-decoration: underline;\"><a href=\"https:\/\/3wdivemaster.com\/\" target=\"_blank\" rel=\"noopener\">3W Divemaster Internships<\/a><\/span> pour plus d&rsquo;informations<\/p>\n\t\t\t\t\t\t\t\t<\/div>\n\t\t\t\t<\/div>\n\t\t<div class=\"elementor-element elementor-element-6f14094 e-con-full e-flex e-con e-child\" data-id=\"6f14094\" data-element_type=\"container\" data-settings=\"{&quot;jet_parallax_layout_list&quot;:[]}\">\n\t\t\t\t<div class=\"elementor-element elementor-element-9ad3bb5 elementor-widget elementor-widget-video\" data-id=\"9ad3bb5\" data-element_type=\"widget\" data-settings=\"{&quot;youtube_url&quot;:&quot;https:\\\/\\\/youtu.be\\\/cP0TRXXA34s&quot;,&quot;video_type&quot;:&quot;youtube&quot;,&quot;controls&quot;:&quot;yes&quot;}\" data-widget_type=\"video.default\">\n\t\t\t\t<div class=\"elementor-widget-container\">\n\t\t\t\t\t\t\t<div class=\"elementor-wrapper elementor-open-inline\">\n\t\t\t<div class=\"elementor-video\"><\/div>\t\t<\/div>\n\t\t\t\t\t\t<\/div>\n\t\t\t\t<\/div>\n\t\t\t\t<div class=\"elementor-element elementor-element-2f3894a elementor-align-center elementor-widget elementor-widget-button\" data-id=\"2f3894a\" data-element_type=\"widget\" data-widget_type=\"button.default\">\n\t\t\t\t<div class=\"elementor-widget-container\">\n\t\t\t\t\t\t\t\t\t<div class=\"elementor-button-wrapper\">\n\t\t\t\t\t<a class=\"elementor-button elementor-button-link elementor-size-sm\" href=\"https:\/\/3wdivemaster.com\" target=\"_blank\">\n\t\t\t\t\t\t<span class=\"elementor-button-content-wrapper\">\n\t\t\t\t\t\t<span class=\"elementor-button-icon\">\n\t\t\t\t<svg aria-hidden=\"true\" class=\"e-font-icon-svg e-fas-arrow-alt-circle-right\" viewBox=\"0 0 512 512\" xmlns=\"http:\/\/www.w3.org\/2000\/svg\"><path d=\"M256 8c137 0 248 111 248 248S393 504 256 504 8 393 8 256 119 8 256 8zM140 300h116v70.9c0 10.7 13 16.1 20.5 8.5l114.3-114.9c4.7-4.7 4.7-12.2 0-16.9l-114.3-115c-7.6-7.6-20.5-2.2-20.5 8.5V212H140c-6.6 0-12 5.4-12 12v64c0 6.6 5.4 12 12 12z\"><\/path><\/svg>\t\t\t<\/span>\n\t\t\t\t\t\t\t\t\t<span class=\"elementor-button-text\">3WDIVEMASTER.COM<\/span>\n\t\t\t\t\t<\/span>\n\t\t\t\t\t<\/a>\n\t\t\t\t<\/div>\n\t\t\t\t\t\t\t\t<\/div>\n\t\t\t\t<\/div>\n\t\t\t\t<\/div>\n\t\t\t\t\t<\/div>\n\t\t\t\t<\/div>\n\t\t\t\t<\/div>\n\t\t","protected":false},"excerpt":{"rendered":"<p>FORMATION DIVEMASTER DEVENEZ DIVEMASTER (Guide de palanquee) Devenez Divemaster en 2 ou 4 moisvivez l&rsquo;aventure d&rsquo;une vie sur une petite ile paradisiaque ! Nombre de plong\u00e9es: illimit\u00e9Dur\u00e9e: minimum 2 mois (jusqu\u2019\u00e0 4 mois)Prix: IDR 24,300,000 Chez 3W Dive, nous prenons la formation de Divemaster au s\u00e9rieux. Ce n&rsquo;est pas juste un cours que l&rsquo;on vend, [&hellip;]<\/p>\n","protected":false},"author":1,"featured_media":0,"parent":0,"menu_order":0,"comment_status":"closed","ping_status":"closed","template":"full-width.php","meta":{"_acf_changed":false,"footnotes":""},"class_list":["post-441","page","type-page","status-publish","hentry"],"acf":[],"yoast_head":"<!-- This site is optimized with the Yoast SEO Premium plugin v26.7 (Yoast SEO v26.7) - https:\/\/yoast.com\/wordpress\/plugins\/seo\/ -->\n<title>FORMATION DIVEMASTER &#8211; 3W Dive Gili<\/title>\n<meta name=\"robots\" content=\"noindex, follow\" \/>\n<meta property=\"og:locale\" content=\"fr_FR\" \/>\n<meta property=\"og:type\" content=\"article\" \/>\n<meta property=\"og:title\" content=\"FORMATION DIVEMASTER\" \/>\n<meta property=\"og:description\" content=\"FORMATION DIVEMASTER DEVENEZ DIVEMASTER (Guide de palanquee) Devenez Divemaster en 2 ou 4 moisvivez l&rsquo;aventure d&rsquo;une vie sur une petite ile paradisiaque ! Nombre de plong\u00e9es: illimit\u00e9Dur\u00e9e: minimum 2 mois (jusqu\u2019\u00e0 4 mois)Prix: IDR 24,300,000 Chez 3W Dive, nous prenons la formation de Divemaster au s\u00e9rieux. Ce n&rsquo;est pas juste un cours que l&rsquo;on vend, [&hellip;]\" \/>\n<meta property=\"og:url\" content=\"https:\/\/3wdivegili.com\/fr\/stage-divemaster\/\" \/>\n<meta property=\"og:site_name\" content=\"3W Dive Gili\" \/>\n<meta property=\"article:publisher\" content=\"https:\/\/www.facebook.com\/3Wdive\/\" \/>\n<meta property=\"article:modified_time\" content=\"2025-12-31T10:52:09+00:00\" \/>\n<meta property=\"og:image\" content=\"https:\/\/3wdivegili.com\/wp-content\/uploads\/2020\/06\/3W-3.jpg\" \/>\n\t<meta property=\"og:image:width\" content=\"1920\" \/>\n\t<meta property=\"og:image:height\" content=\"1200\" \/>\n\t<meta property=\"og:image:type\" content=\"image\/jpeg\" \/>\n<meta name=\"twitter:card\" content=\"summary_large_image\" \/>\n<meta name=\"twitter:label1\" content=\"Dur\u00e9e de lecture estim\u00e9e\" \/>\n\t<meta name=\"twitter:data1\" content=\"2 minutes\" \/>\n<script type=\"application\/ld+json\" class=\"yoast-schema-graph\">{\"@context\":\"https:\/\/schema.org\",\"@graph\":[{\"@type\":\"WebPage\",\"@id\":\"https:\/\/3wdivegili.com\/fr\/stage-divemaster\/\",\"url\":\"https:\/\/3wdivegili.com\/fr\/stage-divemaster\/\",\"name\":\"FORMATION DIVEMASTER &#8211; 3W Dive Gili\",\"isPartOf\":{\"@id\":\"https:\/\/3wdivegili.com\/fr\/#website\"},\"datePublished\":\"2020-05-26T04:58:43+00:00\",\"dateModified\":\"2025-12-31T10:52:09+00:00\",\"inLanguage\":\"fr-FR\",\"potentialAction\":[{\"@type\":\"ReadAction\",\"target\":[\"https:\/\/3wdivegili.com\/fr\/stage-divemaster\/\"]}]},{\"@type\":\"WebSite\",\"@id\":\"https:\/\/3wdivegili.com\/fr\/#website\",\"url\":\"https:\/\/3wdivegili.com\/fr\/\",\"name\":\"3W Dive Gili\",\"description\":\"Join The Tribe\",\"publisher\":{\"@id\":\"https:\/\/3wdivegili.com\/fr\/#organization\"},\"potentialAction\":[{\"@type\":\"SearchAction\",\"target\":{\"@type\":\"EntryPoint\",\"urlTemplate\":\"https:\/\/3wdivegili.com\/fr\/?s={search_term_string}\"},\"query-input\":{\"@type\":\"PropertyValueSpecification\",\"valueRequired\":true,\"valueName\":\"search_term_string\"}}],\"inLanguage\":\"fr-FR\"},{\"@type\":\"Organization\",\"@id\":\"https:\/\/3wdivegili.com\/fr\/#organization\",\"name\":\"3W Dive\",\"url\":\"https:\/\/3wdivegili.com\/fr\/\",\"logo\":{\"@type\":\"ImageObject\",\"inLanguage\":\"fr-FR\",\"@id\":\"https:\/\/3wdivegili.com\/fr\/#\/schema\/logo\/image\/\",\"url\":\"https:\/\/3wdivegili.com\/wp-content\/uploads\/2020\/03\/3WLogo.jpg\",\"contentUrl\":\"https:\/\/3wdivegili.com\/wp-content\/uploads\/2020\/03\/3WLogo.jpg\",\"width\":966,\"height\":559,\"caption\":\"3W Dive\"},\"image\":{\"@id\":\"https:\/\/3wdivegili.com\/fr\/#\/schema\/logo\/image\/\"},\"sameAs\":[\"https:\/\/www.facebook.com\/3Wdive\/\",\"https:\/\/www.instagram.com\/3wdive\/\",\"https:\/\/www.youtube.com\/channel\/UCdyAAWJWbzgkxwAk3fnNRjA\/videos\"]}]}<\/script>\n<!-- \/ Yoast SEO Premium plugin. -->","yoast_head_json":{"title":"FORMATION DIVEMASTER &#8211; 3W Dive Gili","robots":{"index":"noindex","follow":"follow"},"og_locale":"fr_FR","og_type":"article","og_title":"FORMATION DIVEMASTER","og_description":"FORMATION DIVEMASTER DEVENEZ DIVEMASTER (Guide de palanquee) Devenez Divemaster en 2 ou 4 moisvivez l&rsquo;aventure d&rsquo;une vie sur une petite ile paradisiaque ! Nombre de plong\u00e9es: illimit\u00e9Dur\u00e9e: minimum 2 mois (jusqu\u2019\u00e0 4 mois)Prix: IDR 24,300,000 Chez 3W Dive, nous prenons la formation de Divemaster au s\u00e9rieux. Ce n&rsquo;est pas juste un cours que l&rsquo;on vend, [&hellip;]","og_url":"https:\/\/3wdivegili.com\/fr\/stage-divemaster\/","og_site_name":"3W Dive Gili","article_publisher":"https:\/\/www.facebook.com\/3Wdive\/","article_modified_time":"2025-12-31T10:52:09+00:00","og_image":[{"width":1920,"height":1200,"url":"https:\/\/3wdivegili.com\/wp-content\/uploads\/2020\/06\/3W-3.jpg","type":"image\/jpeg"}],"twitter_card":"summary_large_image","twitter_misc":{"Dur\u00e9e de lecture estim\u00e9e":"2 minutes"},"schema":{"@context":"https:\/\/schema.org","@graph":[{"@type":"WebPage","@id":"https:\/\/3wdivegili.com\/fr\/stage-divemaster\/","url":"https:\/\/3wdivegili.com\/fr\/stage-divemaster\/","name":"FORMATION DIVEMASTER &#8211; 3W Dive Gili","isPartOf":{"@id":"https:\/\/3wdivegili.com\/fr\/#website"},"datePublished":"2020-05-26T04:58:43+00:00","dateModified":"2025-12-31T10:52:09+00:00","inLanguage":"fr-FR","potentialAction":[{"@type":"ReadAction","target":["https:\/\/3wdivegili.com\/fr\/stage-divemaster\/"]}]},{"@type":"WebSite","@id":"https:\/\/3wdivegili.com\/fr\/#website","url":"https:\/\/3wdivegili.com\/fr\/","name":"3W Dive Gili","description":"Join The Tribe","publisher":{"@id":"https:\/\/3wdivegili.com\/fr\/#organization"},"potentialAction":[{"@type":"SearchAction","target":{"@type":"EntryPoint","urlTemplate":"https:\/\/3wdivegili.com\/fr\/?s={search_term_string}"},"query-input":{"@type":"PropertyValueSpecification","valueRequired":true,"valueName":"search_term_string"}}],"inLanguage":"fr-FR"},{"@type":"Organization","@id":"https:\/\/3wdivegili.com\/fr\/#organization","name":"3W Dive","url":"https:\/\/3wdivegili.com\/fr\/","logo":{"@type":"ImageObject","inLanguage":"fr-FR","@id":"https:\/\/3wdivegili.com\/fr\/#\/schema\/logo\/image\/","url":"https:\/\/3wdivegili.com\/wp-content\/uploads\/2020\/03\/3WLogo.jpg","contentUrl":"https:\/\/3wdivegili.com\/wp-content\/uploads\/2020\/03\/3WLogo.jpg","width":966,"height":559,"caption":"3W Dive"},"image":{"@id":"https:\/\/3wdivegili.com\/fr\/#\/schema\/logo\/image\/"},"sameAs":["https:\/\/www.facebook.com\/3Wdive\/","https:\/\/www.instagram.com\/3wdive\/","https:\/\/www.youtube.com\/channel\/UCdyAAWJWbzgkxwAk3fnNRjA\/videos"]}]}},"_links":{"self":[{"href":"https:\/\/3wdivegili.com\/fr\/wp-json\/wp\/v2\/pages\/441","targetHints":{"allow":["GET"]}}],"collection":[{"href":"https:\/\/3wdivegili.com\/fr\/wp-json\/wp\/v2\/pages"}],"about":[{"href":"https:\/\/3wdivegili.com\/fr\/wp-json\/wp\/v2\/types\/page"}],"author":[{"embeddable":true,"href":"https:\/\/3wdivegili.com\/fr\/wp-json\/wp\/v2\/users\/1"}],"replies":[{"embeddable":true,"href":"https:\/\/3wdivegili.com\/fr\/wp-json\/wp\/v2\/comments?post=441"}],"version-history":[{"count":19,"href":"https:\/\/3wdivegili.com\/fr\/wp-json\/wp\/v2\/pages\/441\/revisions"}],"predecessor-version":[{"id":3431,"href":"https:\/\/3wdivegili.com\/fr\/wp-json\/wp\/v2\/pages\/441\/revisions\/3431"}],"wp:attachment":[{"href":"https:\/\/3wdivegili.com\/fr\/wp-json\/wp\/v2\/media?parent=441"}],"curies":[{"name":"wp","href":"https:\/\/api.w.org\/{rel}","templated":true}]}}