{"id":1687,"date":"2023-05-16T09:25:47","date_gmt":"2023-05-16T09:25:47","guid":{"rendered":"https:\/\/3wdivegili.com\/?page_id=1687"},"modified":"2025-08-12T12:53:21","modified_gmt":"2025-08-12T12:53:21","slug":"la-plongee-durable","status":"publish","type":"page","link":"https:\/\/3wdivegili.com\/fr\/la-plongee-durable\/","title":{"rendered":"La Plong\u00e9e Durable"},"content":{"rendered":"\t\t<div data-elementor-type=\"wp-page\" data-elementor-id=\"1687\" class=\"elementor elementor-1687 elementor-1686\">\n\t\t\t\t<div class=\"elementor-element elementor-element-75dd190 e-con-full e-flex e-con e-parent\" data-id=\"75dd190\" data-element_type=\"container\" data-settings=\"{&quot;jet_parallax_layout_list&quot;:[{&quot;_id&quot;:&quot;e6ae459&quot;,&quot;jet_parallax_layout_image&quot;:{&quot;url&quot;:&quot;&quot;,&quot;id&quot;:&quot;&quot;,&quot;size&quot;:&quot;&quot;},&quot;jet_parallax_layout_image_tablet&quot;:{&quot;url&quot;:&quot;&quot;,&quot;id&quot;:&quot;&quot;,&quot;size&quot;:&quot;&quot;},&quot;jet_parallax_layout_image_mobile&quot;:{&quot;url&quot;:&quot;&quot;,&quot;id&quot;:&quot;&quot;,&quot;size&quot;:&quot;&quot;},&quot;jet_parallax_layout_speed&quot;:{&quot;unit&quot;:&quot;%&quot;,&quot;size&quot;:50,&quot;sizes&quot;:[]},&quot;jet_parallax_layout_type&quot;:&quot;scroll&quot;,&quot;jet_parallax_layout_direction&quot;:&quot;1&quot;,&quot;jet_parallax_layout_fx_direction&quot;:null,&quot;jet_parallax_layout_z_index&quot;:&quot;&quot;,&quot;jet_parallax_layout_bg_x&quot;:50,&quot;jet_parallax_layout_bg_x_tablet&quot;:&quot;&quot;,&quot;jet_parallax_layout_bg_x_mobile&quot;:&quot;&quot;,&quot;jet_parallax_layout_bg_y&quot;:50,&quot;jet_parallax_layout_bg_y_tablet&quot;:&quot;&quot;,&quot;jet_parallax_layout_bg_y_mobile&quot;:&quot;&quot;,&quot;jet_parallax_layout_bg_size&quot;:&quot;auto&quot;,&quot;jet_parallax_layout_bg_size_tablet&quot;:&quot;&quot;,&quot;jet_parallax_layout_bg_size_mobile&quot;:&quot;&quot;,&quot;jet_parallax_layout_animation_prop&quot;:&quot;transform&quot;,&quot;jet_parallax_layout_on&quot;:[&quot;desktop&quot;,&quot;tablet&quot;]}],&quot;background_background&quot;:&quot;classic&quot;,&quot;shape_divider_bottom&quot;:&quot;tilt&quot;}\">\n\t\t\t\t<div class=\"elementor-shape elementor-shape-bottom\" aria-hidden=\"true\" data-negative=\"false\">\n\t\t\t<svg xmlns=\"http:\/\/www.w3.org\/2000\/svg\" viewBox=\"0 0 1000 100\" preserveAspectRatio=\"none\">\n\t<path class=\"elementor-shape-fill\" d=\"M0,6V0h1000v100L0,6z\"\/>\n<\/svg>\t\t<\/div>\n\t\t\t\t<div class=\"elementor-element elementor-element-2845f42 elementor-align-center elementor-invisible elementor-widget elementor-widget-raven-heading\" data-id=\"2845f42\" data-element_type=\"widget\" data-settings=\"{&quot;_animation&quot;:&quot;fadeIn&quot;}\" data-widget_type=\"raven-heading.default\">\n\t\t\t\t<div class=\"elementor-widget-container\">\n\t\t\t\t\t\t\t<div class=\"raven-widget-wrapper\"><h2 class=\"raven-heading raven-heading-h2\"><span class=\"raven-heading-title \"><span class=\"raven-heading-title-inner elementor-inline-editing \" data-text=\"La Plongee Durable\" data-elementor-setting-key=\"title\">La Plongee Durable<\/span><\/span><\/h2><\/div>\n\t\t\t\t\t\t<\/div>\n\t\t\t\t<\/div>\n\t\t\t\t<\/div>\n\t\t<div class=\"elementor-element elementor-element-37683d7 e-flex e-con-boxed e-con e-parent\" data-id=\"37683d7\" data-element_type=\"container\" data-settings=\"{&quot;jet_parallax_layout_list&quot;:[{&quot;_id&quot;:&quot;a500914&quot;,&quot;jet_parallax_layout_image&quot;:{&quot;url&quot;:&quot;&quot;,&quot;id&quot;:&quot;&quot;,&quot;size&quot;:&quot;&quot;},&quot;jet_parallax_layout_image_tablet&quot;:{&quot;url&quot;:&quot;&quot;,&quot;id&quot;:&quot;&quot;,&quot;size&quot;:&quot;&quot;},&quot;jet_parallax_layout_image_mobile&quot;:{&quot;url&quot;:&quot;&quot;,&quot;id&quot;:&quot;&quot;,&quot;size&quot;:&quot;&quot;},&quot;jet_parallax_layout_speed&quot;:{&quot;unit&quot;:&quot;%&quot;,&quot;size&quot;:50,&quot;sizes&quot;:[]},&quot;jet_parallax_layout_type&quot;:&quot;scroll&quot;,&quot;jet_parallax_layout_direction&quot;:&quot;1&quot;,&quot;jet_parallax_layout_fx_direction&quot;:null,&quot;jet_parallax_layout_z_index&quot;:&quot;&quot;,&quot;jet_parallax_layout_bg_x&quot;:50,&quot;jet_parallax_layout_bg_x_tablet&quot;:&quot;&quot;,&quot;jet_parallax_layout_bg_x_mobile&quot;:&quot;&quot;,&quot;jet_parallax_layout_bg_y&quot;:50,&quot;jet_parallax_layout_bg_y_tablet&quot;:&quot;&quot;,&quot;jet_parallax_layout_bg_y_mobile&quot;:&quot;&quot;,&quot;jet_parallax_layout_bg_size&quot;:&quot;auto&quot;,&quot;jet_parallax_layout_bg_size_tablet&quot;:&quot;&quot;,&quot;jet_parallax_layout_bg_size_mobile&quot;:&quot;&quot;,&quot;jet_parallax_layout_animation_prop&quot;:&quot;transform&quot;,&quot;jet_parallax_layout_on&quot;:[&quot;desktop&quot;,&quot;tablet&quot;]}],&quot;background_background&quot;:&quot;classic&quot;,&quot;shape_divider_bottom&quot;:&quot;tilt&quot;}\">\n\t\t\t\t\t<div class=\"e-con-inner\">\n\t\t\t\t<div class=\"elementor-shape elementor-shape-bottom\" aria-hidden=\"true\" data-negative=\"false\">\n\t\t\t<svg xmlns=\"http:\/\/www.w3.org\/2000\/svg\" viewBox=\"0 0 1000 100\" preserveAspectRatio=\"none\">\n\t<path class=\"elementor-shape-fill\" d=\"M0,6V0h1000v100L0,6z\"\/>\n<\/svg>\t\t<\/div>\n\t\t\t\t<div class=\"elementor-element elementor-element-987a88b elementor-mobile-align-center elementor-align-center elementor-widget elementor-widget-raven-heading\" data-id=\"987a88b\" data-element_type=\"widget\" data-widget_type=\"raven-heading.default\">\n\t\t\t\t<div class=\"elementor-widget-container\">\n\t\t\t\t\t\t\t<div class=\"raven-widget-wrapper\"><h1 class=\"raven-heading raven-heading-h1\"><span class=\"raven-heading-title \">Qu\u2019est que la plongee sous-marine durable ? <\/br>Pratiques et principes <\/br>pour proteger l'ecosysteme marin<\/span><\/h1><\/div>\n\t\t\t\t\t\t<\/div>\n\t\t\t\t<\/div>\n\t\t<div class=\"elementor-element elementor-element-b67173d e-con-full e-flex e-con e-child\" data-id=\"b67173d\" data-element_type=\"container\" data-settings=\"{&quot;jet_parallax_layout_list&quot;:[]}\">\n\t\t\t\t<div class=\"elementor-element elementor-element-e23ac9c elementor-widget__width-initial elementor-widget elementor-widget-image\" data-id=\"e23ac9c\" data-element_type=\"widget\" data-widget_type=\"image.default\">\n\t\t\t\t<div class=\"elementor-widget-container\">\n\t\t\t\t\t\t\t\t\t\t\t\t\t\t\t<img decoding=\"async\" src=\"https:\/\/3wdivegili.com\/wp-content\/uploads\/2023\/05\/3wdive-marine-conservation-1.jpg\" title=\"3wdive-marine-conservation-1\" alt=\"3wdive-marine-conservation-1\" loading=\"lazy\" \/>\t\t\t\t\t\t\t\t\t\t\t\t\t\t\t<\/div>\n\t\t\t\t<\/div>\n\t\t\t\t<div class=\"elementor-element elementor-element-7b751ea elementor-widget__width-initial elementor-widget elementor-widget-text-editor\" data-id=\"7b751ea\" data-element_type=\"widget\" data-widget_type=\"text-editor.default\">\n\t\t\t\t<div class=\"elementor-widget-container\">\n\t\t\t\t\t\t\t\t\t<p><span style=\"text-decoration: underline;\"><a href=\"https:\/\/3wdivemaster.com\/sustainable-scuba-diving-how-to-enjoy-the-ocean-while-protecting-it\/\" target=\"_blank\" rel=\"noopener\">La plong\u00e9e sous-marine durable<\/a><\/span> est une pratique qui vise \u00e0 minimiser l&rsquo;impact n\u00e9gatif de la plong\u00e9e sur l&rsquo;\u00e9cosyst\u00e8me marin et \u00e0 promouvoir la conservation de la vie marine. En tant qu&rsquo;\u00e9cole de plong\u00e9e, 3W Dive est engag\u00e9 dans cette d\u00e9marche responsable pour pr\u00e9server la beaut\u00e9 naturelle du monde sous-marin.<\/p>\n<p>Tous les plongeurs, professionnels et amateurs, peuvent adopter des pratiques durables pour r\u00e9duire leur impact sur l&rsquo;environnement marin. Cela inclut d&rsquo;\u00e9viter tout contact avec la vie marine et les habitats fragiles, de ma\u00eetriser la flottabilit\u00e9 et les techniques de palmage, de minimiser les d\u00e9chets et la pollution, de soutenir les efforts de conservation locaux et de partager des connaissances sur la conservation marine.<\/p>\n<p>Les \u00e9coles de plong\u00e9e ont un r\u00f4le important \u00e0 jouer dans la promotion des pratiques durables de la plong\u00e9e sous-marine aupr\u00e8s de leurs \u00e9tudiants. Les professionnels de la plong\u00e9e devraient acqu\u00e9rir une compr\u00e9hension de base des principes de conservation de l&rsquo;environnement naturel et de la biologie marine afin de sensibiliser et \u00e9duquer les plongeurs sur les probl\u00e8mes de pollution et les menaces pour les r\u00e9cifs coralliens. Nous devons tous promouvoir les meilleures pratiques d&rsquo;une plong\u00e9e respectueuse de l&rsquo;environnement en corrigeant les mauvais comportements et en montrant l&rsquo;exemple.<\/p>\n\t\t\t\t\t\t\t\t<\/div>\n\t\t\t\t<\/div>\n\t\t\t\t<\/div>\n\t\t\t\t\t<\/div>\n\t\t\t\t<\/div>\n\t\t<div class=\"elementor-element elementor-element-2e8d2e6 e-flex e-con-boxed e-con e-parent\" data-id=\"2e8d2e6\" data-element_type=\"container\" data-settings=\"{&quot;jet_parallax_layout_list&quot;:[{&quot;_id&quot;:&quot;a500914&quot;,&quot;jet_parallax_layout_image&quot;:{&quot;url&quot;:&quot;&quot;,&quot;id&quot;:&quot;&quot;,&quot;size&quot;:&quot;&quot;},&quot;jet_parallax_layout_image_tablet&quot;:{&quot;url&quot;:&quot;&quot;,&quot;id&quot;:&quot;&quot;,&quot;size&quot;:&quot;&quot;},&quot;jet_parallax_layout_image_mobile&quot;:{&quot;url&quot;:&quot;&quot;,&quot;id&quot;:&quot;&quot;,&quot;size&quot;:&quot;&quot;},&quot;jet_parallax_layout_speed&quot;:{&quot;unit&quot;:&quot;%&quot;,&quot;size&quot;:50,&quot;sizes&quot;:[]},&quot;jet_parallax_layout_type&quot;:&quot;scroll&quot;,&quot;jet_parallax_layout_direction&quot;:&quot;1&quot;,&quot;jet_parallax_layout_fx_direction&quot;:null,&quot;jet_parallax_layout_z_index&quot;:&quot;&quot;,&quot;jet_parallax_layout_bg_x&quot;:50,&quot;jet_parallax_layout_bg_x_tablet&quot;:&quot;&quot;,&quot;jet_parallax_layout_bg_x_mobile&quot;:&quot;&quot;,&quot;jet_parallax_layout_bg_y&quot;:50,&quot;jet_parallax_layout_bg_y_tablet&quot;:&quot;&quot;,&quot;jet_parallax_layout_bg_y_mobile&quot;:&quot;&quot;,&quot;jet_parallax_layout_bg_size&quot;:&quot;auto&quot;,&quot;jet_parallax_layout_bg_size_tablet&quot;:&quot;&quot;,&quot;jet_parallax_layout_bg_size_mobile&quot;:&quot;&quot;,&quot;jet_parallax_layout_animation_prop&quot;:&quot;transform&quot;,&quot;jet_parallax_layout_on&quot;:[&quot;desktop&quot;,&quot;tablet&quot;]}],&quot;background_background&quot;:&quot;classic&quot;}\">\n\t\t\t\t\t<div class=\"e-con-inner\">\n\t\t\t\t<div class=\"elementor-element elementor-element-77b5293 elementor-widget elementor-widget-menu-anchor\" data-id=\"77b5293\" data-element_type=\"widget\" data-widget_type=\"menu-anchor.default\">\n\t\t\t\t<div class=\"elementor-widget-container\">\n\t\t\t\t\t\t\t<div class=\"elementor-menu-anchor\" id=\"coralfarming\"><\/div>\n\t\t\t\t\t\t<\/div>\n\t\t\t\t<\/div>\n\t\t\t\t<div class=\"elementor-element elementor-element-979c8c4 elementor-mobile-align-center elementor-align-center elementor-widget elementor-widget-raven-heading\" data-id=\"979c8c4\" data-element_type=\"widget\" data-widget_type=\"raven-heading.default\">\n\t\t\t\t<div class=\"elementor-widget-container\">\n\t\t\t\t\t\t\t<div class=\"raven-widget-wrapper\"><h2 class=\"raven-heading raven-heading-h2\"><span class=\"raven-heading-title \">Les engagements de notre club en plongee durable<\/span><\/h2><\/div>\n\t\t\t\t\t\t<\/div>\n\t\t\t\t<\/div>\n\t\t<div class=\"elementor-element elementor-element-f7c1dde e-con-full e-flex e-con e-child\" data-id=\"f7c1dde\" data-element_type=\"container\" data-settings=\"{&quot;jet_parallax_layout_list&quot;:[]}\">\n\t\t\t\t<div class=\"elementor-element elementor-element-6201c88 elementor-widget__width-initial elementor-widget elementor-widget-text-editor\" data-id=\"6201c88\" data-element_type=\"widget\" data-widget_type=\"text-editor.default\">\n\t\t\t\t<div class=\"elementor-widget-container\">\n\t\t\t\t\t\t\t\t\tChez 3W Dive, nous avons \u00e0 c\u0153ur de pr\u00e9server les \u00e9cosyst\u00e8mes marins. C&rsquo;est pourquoi nous avons mis en place des pratiques de plong\u00e9e durable \u00e0 tous les niveaux de nos op\u00e9rations.<br><br>D\u00e9couvrez nos engagements en faveur de la conservation marine.<br><ul>\r\n \t<li>Nos engagements en faveur de la plong\u00e9e durable<\/li>\r\n \t<li>Int\u00e9gration de pratiques de plong\u00e9e durable dans toutes nos formations<\/li>\r\n \t<li>Sensibilisation des \u00e9tudiants \u00e0 un comportement responsable et respectueux envers l&rsquo;environnement marin<\/li>\r\n \t<li>Importance du contr\u00f4le de la flottabilit\u00e9, de l&rsquo;\u00e9vitement de perturbation de la vie marine et de la minimisation de l&rsquo;impact environnemental<\/li>\r\n \t<li>Communication d&rsquo;informations sur les \u00e9cosyst\u00e8mes marins locaux<\/li>\r\n \t<li>Formations en conservation marine<\/li>\r\n \t<li>Pratiques durables dans nos propres op\u00e9rations : r\u00e9duction des d\u00e9chets et de la pollution, soutien aux efforts de conservation locaux, formation environnementale pour tous les employ\u00e9s<\/li>\r\n \t<li><span style=\"text-decoration: underline; color: black;\"><a style=\"color: black;\" href=\"https:\/\/3wdivegili.com\/fr\/conservation-marine\/\">Projet de conservation marine<\/a><\/span> avec l&rsquo;ONG locale Indo Coral Conservation : culture de corail.<\/li>\r\n<\/ul><br>En adoptant ces principes de plong\u00e9e durable, nous pouvons tous contribuer \u00e0 la protection des \u00e9cosyst\u00e8mes fragiles des oc\u00e9ans et \u00e0 l&rsquo;utilisation durable de leurs ressources pour les g\u00e9n\u00e9rations futures. Contactez-nous pour en savoir plus sur nos formations en plong\u00e9e durable.\t\t\t\t\t\t\t\t<\/div>\n\t\t\t\t<\/div>\n\t\t\t\t<div class=\"elementor-element elementor-element-d10688d elementor-widget__width-initial elementor-widget elementor-widget-image\" data-id=\"d10688d\" data-element_type=\"widget\" data-widget_type=\"image.default\">\n\t\t\t\t<div class=\"elementor-widget-container\">\n\t\t\t\t\t\t\t\t\t\t\t\t\t\t\t<img decoding=\"async\" src=\"https:\/\/3wdivegili.com\/wp-content\/uploads\/2023\/05\/3wdive-marine-conservation-2.jpg\" title=\"3wdive-marine-conservation-2\" alt=\"3wdive-marine-conservation-2\" loading=\"lazy\" \/>\t\t\t\t\t\t\t\t\t\t\t\t\t\t\t<\/div>\n\t\t\t\t<\/div>\n\t\t\t\t<\/div>\n\t\t\t\t\t<\/div>\n\t\t\t\t<\/div>\n\t\t\t\t<\/div>\n\t\t","protected":false},"excerpt":{"rendered":"<p>La Plongee Durable Qu\u2019est que la plongee sous-marine durable ? Pratiques et principes pour proteger l&rsquo;ecosysteme marin La plong\u00e9e sous-marine durable est une pratique qui vise \u00e0 minimiser l&rsquo;impact n\u00e9gatif de la plong\u00e9e sur l&rsquo;\u00e9cosyst\u00e8me marin et \u00e0 promouvoir la conservation de la vie marine. En tant qu&rsquo;\u00e9cole de plong\u00e9e, 3W Dive est engag\u00e9 dans [&hellip;]<\/p>\n","protected":false},"author":1,"featured_media":1693,"parent":0,"menu_order":0,"comment_status":"closed","ping_status":"closed","template":"full-width.php","meta":{"_acf_changed":false,"footnotes":""},"class_list":["post-1687","page","type-page","status-publish","has-post-thumbnail","hentry"],"acf":[],"yoast_head":"<!-- This site is optimized with the Yoast SEO Premium plugin v26.7 (Yoast SEO v26.7) - https:\/\/yoast.com\/wordpress\/plugins\/seo\/ -->\n<title>Les engagements de notre club en plong\u00e9e durable<\/title>\n<meta name=\"description\" content=\"Chez 3W Dive, nous avons \u00e0 c\u0153ur de pr\u00e9server les \u00e9cosyst\u00e8mes marins.\" \/>\n<meta name=\"robots\" content=\"index, follow, max-snippet:-1, max-image-preview:large, max-video-preview:-1\" \/>\n<link rel=\"canonical\" href=\"https:\/\/3wdivegili.com\/fr\/la-plongee-durable\/\" \/>\n<meta property=\"og:locale\" content=\"fr_FR\" \/>\n<meta property=\"og:type\" content=\"article\" \/>\n<meta property=\"og:title\" content=\"La Plong\u00e9e Durable\" \/>\n<meta property=\"og:description\" content=\"Chez 3W Dive, nous avons \u00e0 c\u0153ur de pr\u00e9server les \u00e9cosyst\u00e8mes marins.\" \/>\n<meta property=\"og:url\" content=\"https:\/\/3wdivegili.com\/fr\/la-plongee-durable\/\" \/>\n<meta property=\"og:site_name\" content=\"3W Dive Gili\" \/>\n<meta property=\"article:publisher\" content=\"https:\/\/www.facebook.com\/3Wdive\/\" \/>\n<meta property=\"article:modified_time\" content=\"2025-08-12T12:53:21+00:00\" \/>\n<meta property=\"og:image\" content=\"https:\/\/3wdivegili.com\/wp-content\/uploads\/2023\/05\/3wdive-marine-conservation.jpg\" \/>\n\t<meta property=\"og:image:width\" content=\"768\" \/>\n\t<meta property=\"og:image:height\" content=\"480\" \/>\n\t<meta property=\"og:image:type\" content=\"image\/jpeg\" \/>\n<meta name=\"twitter:card\" content=\"summary_large_image\" \/>\n<meta name=\"twitter:label1\" content=\"Dur\u00e9e de lecture estim\u00e9e\" \/>\n\t<meta name=\"twitter:data1\" content=\"3 minutes\" \/>\n<script type=\"application\/ld+json\" class=\"yoast-schema-graph\">{\"@context\":\"https:\/\/schema.org\",\"@graph\":[{\"@type\":\"WebPage\",\"@id\":\"https:\/\/3wdivegili.com\/fr\/la-plongee-durable\/\",\"url\":\"https:\/\/3wdivegili.com\/fr\/la-plongee-durable\/\",\"name\":\"Les engagements de notre club en plong\u00e9e durable\",\"isPartOf\":{\"@id\":\"https:\/\/3wdivegili.com\/fr\/#website\"},\"primaryImageOfPage\":{\"@id\":\"https:\/\/3wdivegili.com\/fr\/la-plongee-durable\/#primaryimage\"},\"image\":{\"@id\":\"https:\/\/3wdivegili.com\/fr\/la-plongee-durable\/#primaryimage\"},\"thumbnailUrl\":\"https:\/\/3wdivegili.com\/wp-content\/uploads\/2023\/05\/3wdive-marine-conservation.jpg\",\"datePublished\":\"2023-05-16T09:25:47+00:00\",\"dateModified\":\"2025-08-12T12:53:21+00:00\",\"description\":\"Chez 3W Dive, nous avons \u00e0 c\u0153ur de pr\u00e9server les \u00e9cosyst\u00e8mes marins.\",\"inLanguage\":\"fr-FR\",\"potentialAction\":[{\"@type\":\"ReadAction\",\"target\":[\"https:\/\/3wdivegili.com\/fr\/la-plongee-durable\/\"]}]},{\"@type\":\"ImageObject\",\"inLanguage\":\"fr-FR\",\"@id\":\"https:\/\/3wdivegili.com\/fr\/la-plongee-durable\/#primaryimage\",\"url\":\"https:\/\/3wdivegili.com\/wp-content\/uploads\/2023\/05\/3wdive-marine-conservation.jpg\",\"contentUrl\":\"https:\/\/3wdivegili.com\/wp-content\/uploads\/2023\/05\/3wdive-marine-conservation.jpg\",\"width\":768,\"height\":480},{\"@type\":\"WebSite\",\"@id\":\"https:\/\/3wdivegili.com\/fr\/#website\",\"url\":\"https:\/\/3wdivegili.com\/fr\/\",\"name\":\"3W Dive Gili\",\"description\":\"Join The Tribe\",\"publisher\":{\"@id\":\"https:\/\/3wdivegili.com\/fr\/#organization\"},\"potentialAction\":[{\"@type\":\"SearchAction\",\"target\":{\"@type\":\"EntryPoint\",\"urlTemplate\":\"https:\/\/3wdivegili.com\/fr\/?s={search_term_string}\"},\"query-input\":{\"@type\":\"PropertyValueSpecification\",\"valueRequired\":true,\"valueName\":\"search_term_string\"}}],\"inLanguage\":\"fr-FR\"},{\"@type\":\"Organization\",\"@id\":\"https:\/\/3wdivegili.com\/fr\/#organization\",\"name\":\"3W Dive\",\"url\":\"https:\/\/3wdivegili.com\/fr\/\",\"logo\":{\"@type\":\"ImageObject\",\"inLanguage\":\"fr-FR\",\"@id\":\"https:\/\/3wdivegili.com\/fr\/#\/schema\/logo\/image\/\",\"url\":\"https:\/\/3wdivegili.com\/wp-content\/uploads\/2020\/03\/3WLogo.jpg\",\"contentUrl\":\"https:\/\/3wdivegili.com\/wp-content\/uploads\/2020\/03\/3WLogo.jpg\",\"width\":966,\"height\":559,\"caption\":\"3W Dive\"},\"image\":{\"@id\":\"https:\/\/3wdivegili.com\/fr\/#\/schema\/logo\/image\/\"},\"sameAs\":[\"https:\/\/www.facebook.com\/3Wdive\/\",\"https:\/\/www.instagram.com\/3wdive\/\",\"https:\/\/www.youtube.com\/channel\/UCdyAAWJWbzgkxwAk3fnNRjA\/videos\"]}]}<\/script>\n<!-- \/ Yoast SEO Premium plugin. -->","yoast_head_json":{"title":"Les engagements de notre club en plong\u00e9e durable","description":"Chez 3W Dive, nous avons \u00e0 c\u0153ur de pr\u00e9server les \u00e9cosyst\u00e8mes marins.","robots":{"index":"index","follow":"follow","max-snippet":"max-snippet:-1","max-image-preview":"max-image-preview:large","max-video-preview":"max-video-preview:-1"},"canonical":"https:\/\/3wdivegili.com\/fr\/la-plongee-durable\/","og_locale":"fr_FR","og_type":"article","og_title":"La Plong\u00e9e Durable","og_description":"Chez 3W Dive, nous avons \u00e0 c\u0153ur de pr\u00e9server les \u00e9cosyst\u00e8mes marins.","og_url":"https:\/\/3wdivegili.com\/fr\/la-plongee-durable\/","og_site_name":"3W Dive Gili","article_publisher":"https:\/\/www.facebook.com\/3Wdive\/","article_modified_time":"2025-08-12T12:53:21+00:00","og_image":[{"width":768,"height":480,"url":"https:\/\/3wdivegili.com\/wp-content\/uploads\/2023\/05\/3wdive-marine-conservation.jpg","type":"image\/jpeg"}],"twitter_card":"summary_large_image","twitter_misc":{"Dur\u00e9e de lecture estim\u00e9e":"3 minutes"},"schema":{"@context":"https:\/\/schema.org","@graph":[{"@type":"WebPage","@id":"https:\/\/3wdivegili.com\/fr\/la-plongee-durable\/","url":"https:\/\/3wdivegili.com\/fr\/la-plongee-durable\/","name":"Les engagements de notre club en plong\u00e9e durable","isPartOf":{"@id":"https:\/\/3wdivegili.com\/fr\/#website"},"primaryImageOfPage":{"@id":"https:\/\/3wdivegili.com\/fr\/la-plongee-durable\/#primaryimage"},"image":{"@id":"https:\/\/3wdivegili.com\/fr\/la-plongee-durable\/#primaryimage"},"thumbnailUrl":"https:\/\/3wdivegili.com\/wp-content\/uploads\/2023\/05\/3wdive-marine-conservation.jpg","datePublished":"2023-05-16T09:25:47+00:00","dateModified":"2025-08-12T12:53:21+00:00","description":"Chez 3W Dive, nous avons \u00e0 c\u0153ur de pr\u00e9server les \u00e9cosyst\u00e8mes marins.","inLanguage":"fr-FR","potentialAction":[{"@type":"ReadAction","target":["https:\/\/3wdivegili.com\/fr\/la-plongee-durable\/"]}]},{"@type":"ImageObject","inLanguage":"fr-FR","@id":"https:\/\/3wdivegili.com\/fr\/la-plongee-durable\/#primaryimage","url":"https:\/\/3wdivegili.com\/wp-content\/uploads\/2023\/05\/3wdive-marine-conservation.jpg","contentUrl":"https:\/\/3wdivegili.com\/wp-content\/uploads\/2023\/05\/3wdive-marine-conservation.jpg","width":768,"height":480},{"@type":"WebSite","@id":"https:\/\/3wdivegili.com\/fr\/#website","url":"https:\/\/3wdivegili.com\/fr\/","name":"3W Dive Gili","description":"Join The Tribe","publisher":{"@id":"https:\/\/3wdivegili.com\/fr\/#organization"},"potentialAction":[{"@type":"SearchAction","target":{"@type":"EntryPoint","urlTemplate":"https:\/\/3wdivegili.com\/fr\/?s={search_term_string}"},"query-input":{"@type":"PropertyValueSpecification","valueRequired":true,"valueName":"search_term_string"}}],"inLanguage":"fr-FR"},{"@type":"Organization","@id":"https:\/\/3wdivegili.com\/fr\/#organization","name":"3W Dive","url":"https:\/\/3wdivegili.com\/fr\/","logo":{"@type":"ImageObject","inLanguage":"fr-FR","@id":"https:\/\/3wdivegili.com\/fr\/#\/schema\/logo\/image\/","url":"https:\/\/3wdivegili.com\/wp-content\/uploads\/2020\/03\/3WLogo.jpg","contentUrl":"https:\/\/3wdivegili.com\/wp-content\/uploads\/2020\/03\/3WLogo.jpg","width":966,"height":559,"caption":"3W Dive"},"image":{"@id":"https:\/\/3wdivegili.com\/fr\/#\/schema\/logo\/image\/"},"sameAs":["https:\/\/www.facebook.com\/3Wdive\/","https:\/\/www.instagram.com\/3wdive\/","https:\/\/www.youtube.com\/channel\/UCdyAAWJWbzgkxwAk3fnNRjA\/videos"]}]}},"_links":{"self":[{"href":"https:\/\/3wdivegili.com\/fr\/wp-json\/wp\/v2\/pages\/1687","targetHints":{"allow":["GET"]}}],"collection":[{"href":"https:\/\/3wdivegili.com\/fr\/wp-json\/wp\/v2\/pages"}],"about":[{"href":"https:\/\/3wdivegili.com\/fr\/wp-json\/wp\/v2\/types\/page"}],"author":[{"embeddable":true,"href":"https:\/\/3wdivegili.com\/fr\/wp-json\/wp\/v2\/users\/1"}],"replies":[{"embeddable":true,"href":"https:\/\/3wdivegili.com\/fr\/wp-json\/wp\/v2\/comments?post=1687"}],"version-history":[{"count":10,"href":"https:\/\/3wdivegili.com\/fr\/wp-json\/wp\/v2\/pages\/1687\/revisions"}],"predecessor-version":[{"id":3188,"href":"https:\/\/3wdivegili.com\/fr\/wp-json\/wp\/v2\/pages\/1687\/revisions\/3188"}],"wp:featuredmedia":[{"embeddable":true,"href":"https:\/\/3wdivegili.com\/fr\/wp-json\/wp\/v2\/media\/1693"}],"wp:attachment":[{"href":"https:\/\/3wdivegili.com\/fr\/wp-json\/wp\/v2\/media?parent=1687"}],"curies":[{"name":"wp","href":"https:\/\/api.w.org\/{rel}","templated":true}]}}